{"id":885,"date":"2024-11-14T07:59:47","date_gmt":"2024-11-14T07:59:47","guid":{"rendered":"https:\/\/ramoholz.devhubstagings.com\/?page_id=885"},"modified":"2024-11-14T08:46:15","modified_gmt":"2024-11-14T08:46:15","slug":"dreischichtplatte-unterdachschalung-zirm-gedaempft-antik19-mm","status":"publish","type":"page","link":"https:\/\/ramoholz.devhubstagings.com\/en\/dreischichtplatte-unterdachschalung-zirm-gedaempft-antik19-mm\/","title":{"rendered":"DREISCHICHTPLATTE UNTERDACHSCHALUNG ZIRM GED\u00c4MPFT (ANTIK)19 mm"},"content":{"rendered":"<div data-elementor-type=\"wp-page\" data-elementor-id=\"885\" class=\"elementor elementor-885\" data-elementor-post-type=\"page\">\n\t\t\t\t\t\t<section class=\"elementor-section elementor-top-section elementor-element elementor-element-c06a047 elementor-section-boxed elementor-section-height-default elementor-section-height-default\" data-id=\"c06a047\" data-element_type=\"section\" data-e-type=\"section\">\n\t\t\t\t\t\t<div class=\"elementor-container elementor-column-gap-default\">\n\t\t\t\t\t<div class=\"elementor-column elementor-col-50 elementor-top-column elementor-element elementor-element-bd38949\" data-id=\"bd38949\" data-element_type=\"column\" data-e-type=\"column\">\n\t\t\t<div class=\"elementor-widget-wrap elementor-element-populated\">\n\t\t\t\t\t\t<div class=\"elementor-element elementor-element-1cab149 elementor-widget elementor-widget-image-gallery\" data-id=\"1cab149\" data-element_type=\"widget\" data-e-type=\"widget\" data-widget_type=\"image-gallery.default\">\n\t\t\t\t<div class=\"elementor-widget-container\">\n\t\t\t\t\t\t\t<div class=\"elementor-image-gallery\">\n\t\t\t<div id='gallery-1' class='gallery galleryid-885 gallery-columns-1 gallery-size-full'><figure class='gallery-item'>\n\t\t\t<div class='gallery-icon portrait'>\n\t\t\t\t<a data-elementor-open-lightbox=\"yes\" data-elementor-lightbox-slideshow=\"1cab149\" data-elementor-lightbox-title=\"20241112_083445\" data-e-action-hash=\"#elementor-action%3Aaction%3Dlightbox%26settings%3DeyJpZCI6NTg1LCJ1cmwiOiJodHRwczpcL1wvcmFtb2hvbHouZGV2aHVic3RhZ2luZ3MuY29tXC93cC1jb250ZW50XC91cGxvYWRzXC8yMDI0XC8xMVwvMjAyNDExMTJfMDgzNDQ1LXNjYWxlZC5qcGciLCJzbGlkZXNob3ciOiIxY2FiMTQ5In0%3D\" href='https:\/\/ramoholz.devhubstagings.com\/wp-content\/uploads\/2024\/11\/20241112_083445-scaled.jpg'><img fetchpriority=\"high\" decoding=\"async\" width=\"1368\" height=\"2560\" src=\"https:\/\/ramoholz.devhubstagings.com\/wp-content\/uploads\/2024\/11\/20241112_083445-scaled.jpg\" class=\"attachment-full size-full\" alt=\"\" srcset=\"https:\/\/ramoholz.devhubstagings.com\/wp-content\/uploads\/2024\/11\/20241112_083445-scaled.jpg 1368w, https:\/\/ramoholz.devhubstagings.com\/wp-content\/uploads\/2024\/11\/20241112_083445-scaled-600x1123.jpg 600w, https:\/\/ramoholz.devhubstagings.com\/wp-content\/uploads\/2024\/11\/20241112_083445-160x300.jpg 160w, https:\/\/ramoholz.devhubstagings.com\/wp-content\/uploads\/2024\/11\/20241112_083445-547x1024.jpg 547w, https:\/\/ramoholz.devhubstagings.com\/wp-content\/uploads\/2024\/11\/20241112_083445-768x1437.jpg 768w, https:\/\/ramoholz.devhubstagings.com\/wp-content\/uploads\/2024\/11\/20241112_083445-821x1536.jpg 821w, https:\/\/ramoholz.devhubstagings.com\/wp-content\/uploads\/2024\/11\/20241112_083445-1094x2048.jpg 1094w, https:\/\/ramoholz.devhubstagings.com\/wp-content\/uploads\/2024\/11\/20241112_083445-6x12.jpg 6w\" sizes=\"(max-width: 1368px) 100vw, 1368px\" \/><\/a>\n\t\t\t<\/div><\/figure>\n\t\t<\/div>\n\t\t<\/div>\n\t\t\t\t\t\t<\/div>\n\t\t\t\t<\/div>\n\t\t\t\t\t<\/div>\n\t\t<\/div>\n\t\t\t\t<div class=\"elementor-column elementor-col-50 elementor-top-column elementor-element elementor-element-2b23c99\" data-id=\"2b23c99\" data-element_type=\"column\" data-e-type=\"column\">\n\t\t\t<div class=\"elementor-widget-wrap elementor-element-populated\">\n\t\t\t\t\t\t<div class=\"elementor-element elementor-element-57ea6c9 product-title-new elementor-widget elementor-widget-heading\" data-id=\"57ea6c9\" data-element_type=\"widget\" data-e-type=\"widget\" data-widget_type=\"heading.default\">\n\t\t\t\t<div class=\"elementor-widget-container\">\n\t\t\t\t\t<h2 class=\"elementor-heading-title elementor-size-default\">DREISCHICHTPLATTE UNTERDACHSCHALUNG ZIRM GED\u00c4MPFT (ANTIK)19 mm <\/h2>\t\t\t\t<\/div>\n\t\t\t\t<\/div>\n\t\t\t\t<div class=\"elementor-element elementor-element-dff081a elementor-widget elementor-widget-text-editor\" data-id=\"dff081a\" data-element_type=\"widget\" data-e-type=\"widget\" data-widget_type=\"text-editor.default\">\n\t\t\t\t<div class=\"elementor-widget-container\">\n\t\t\t\t\t\t\t\t\t<p>Platten sind f\u00fcr die Herstellung von T\u00fcren nicht geeignet.<\/p>\t\t\t\t\t\t\t\t<\/div>\n\t\t\t\t<\/div>\n\t\t\t\t<div class=\"elementor-element elementor-element-2011907 elementor-widget elementor-widget-text-editor\" data-id=\"2011907\" data-element_type=\"widget\" data-e-type=\"widget\" data-widget_type=\"text-editor.default\">\n\t\t\t\t<div class=\"elementor-widget-container\">\n\t\t\t\t\t\t\t\t\t<p>Breite: 1220mm<\/p><p>L\u00e4nge: 3000mm-3800mm<\/p><p>St\u00e4rke: 19mm<\/p><p>Qualit\u00e4t: A\/C+<\/p>\t\t\t\t\t\t\t\t<\/div>\n\t\t\t\t<\/div>\n\t\t\t\t\t<\/div>\n\t\t<\/div>\n\t\t\t\t\t<\/div>\n\t\t<\/section>\n\t\t\t\t<\/div>","protected":false},"excerpt":{"rendered":"<p>DREISCHICHTPLATTE UNTERDACHSCHALUNG ZIRM GED\u00c4MPFT (ANTIK)19 mm Platten sind f\u00fcr die Herstellung von T\u00fcren nicht geeignet. Breite: 1220mm L\u00e4nge: 3000mm-3800mm St\u00e4rke: 19mm Qualit\u00e4t: A\/C+<\/p>","protected":false},"author":3,"featured_media":0,"parent":0,"menu_order":0,"comment_status":"closed","ping_status":"closed","template":"","meta":{"ocean_post_layout":"","ocean_both_sidebars_style":"","ocean_both_sidebars_content_width":0,"ocean_both_sidebars_sidebars_width":0,"ocean_sidebar":"","ocean_second_sidebar":"","ocean_disable_margins":"enable","ocean_add_body_class":"","ocean_shortcode_before_top_bar":"","ocean_shortcode_after_top_bar":"","ocean_shortcode_before_header":"","ocean_shortcode_after_header":"","ocean_has_shortcode":"","ocean_shortcode_after_title":"","ocean_shortcode_before_footer_widgets":"","ocean_shortcode_after_footer_widgets":"","ocean_shortcode_before_footer_bottom":"","ocean_shortcode_after_footer_bottom":"","ocean_display_top_bar":"default","ocean_display_header":"default","ocean_header_style":"","ocean_center_header_left_menu":"","ocean_custom_header_template":"","ocean_custom_logo":0,"ocean_custom_retina_logo":0,"ocean_custom_logo_max_width":0,"ocean_custom_logo_tablet_max_width":0,"ocean_custom_logo_mobile_max_width":0,"ocean_custom_logo_max_height":0,"ocean_custom_logo_tablet_max_height":0,"ocean_custom_logo_mobile_max_height":0,"ocean_header_custom_menu":"","ocean_menu_typo_font_family":"","ocean_menu_typo_font_subset":"","ocean_menu_typo_font_size":0,"ocean_menu_typo_font_size_tablet":0,"ocean_menu_typo_font_size_mobile":0,"ocean_menu_typo_font_size_unit":"px","ocean_menu_typo_font_weight":"","ocean_menu_typo_font_weight_tablet":"","ocean_menu_typo_font_weight_mobile":"","ocean_menu_typo_transform":"","ocean_menu_typo_transform_tablet":"","ocean_menu_typo_transform_mobile":"","ocean_menu_typo_line_height":0,"ocean_menu_typo_line_height_tablet":0,"ocean_menu_typo_line_height_mobile":0,"ocean_menu_typo_line_height_unit":"","ocean_menu_typo_spacing":0,"ocean_menu_typo_spacing_tablet":0,"ocean_menu_typo_spacing_mobile":0,"ocean_menu_typo_spacing_unit":"","ocean_menu_link_color":"","ocean_menu_link_color_hover":"","ocean_menu_link_color_active":"","ocean_menu_link_background":"","ocean_menu_link_hover_background":"","ocean_menu_link_active_background":"","ocean_menu_social_links_bg":"","ocean_menu_social_hover_links_bg":"","ocean_menu_social_links_color":"","ocean_menu_social_hover_links_color":"","ocean_disable_title":"default","ocean_disable_heading":"default","ocean_post_title":"","ocean_post_subheading":"","ocean_post_title_style":"","ocean_post_title_background_color":"","ocean_post_title_background":0,"ocean_post_title_bg_image_position":"","ocean_post_title_bg_image_attachment":"","ocean_post_title_bg_image_repeat":"","ocean_post_title_bg_image_size":"","ocean_post_title_height":0,"ocean_post_title_bg_overlay":0.5,"ocean_post_title_bg_overlay_color":"","ocean_disable_breadcrumbs":"default","ocean_breadcrumbs_color":"","ocean_breadcrumbs_separator_color":"","ocean_breadcrumbs_links_color":"","ocean_breadcrumbs_links_hover_color":"","ocean_display_footer_widgets":"default","ocean_display_footer_bottom":"default","ocean_custom_footer_template":"","footnotes":""},"class_list":["post-885","page","type-page","status-publish","hentry","entry","owp-thumbs-layout-horizontal","owp-btn-normal","owp-tabs-layout-horizontal","has-no-thumbnails","has-product-nav"],"_links":{"self":[{"href":"https:\/\/ramoholz.devhubstagings.com\/en\/wp-json\/wp\/v2\/pages\/885","targetHints":{"allow":["GET"]}}],"collection":[{"href":"https:\/\/ramoholz.devhubstagings.com\/en\/wp-json\/wp\/v2\/pages"}],"about":[{"href":"https:\/\/ramoholz.devhubstagings.com\/en\/wp-json\/wp\/v2\/types\/page"}],"author":[{"embeddable":true,"href":"https:\/\/ramoholz.devhubstagings.com\/en\/wp-json\/wp\/v2\/users\/3"}],"replies":[{"embeddable":true,"href":"https:\/\/ramoholz.devhubstagings.com\/en\/wp-json\/wp\/v2\/comments?post=885"}],"version-history":[{"count":7,"href":"https:\/\/ramoholz.devhubstagings.com\/en\/wp-json\/wp\/v2\/pages\/885\/revisions"}],"predecessor-version":[{"id":996,"href":"https:\/\/ramoholz.devhubstagings.com\/en\/wp-json\/wp\/v2\/pages\/885\/revisions\/996"}],"wp:attachment":[{"href":"https:\/\/ramoholz.devhubstagings.com\/en\/wp-json\/wp\/v2\/media?parent=885"}],"curies":[{"name":"wp","href":"https:\/\/api.w.org\/{rel}","templated":true}]}}